{"id":34,"date":"2024-09-07T16:13:31","date_gmt":"2024-09-07T16:13:31","guid":{"rendered":"https:\/\/bergaramargoak.desarrollovite.com\/?page_id=34"},"modified":"2024-09-07T20:24:58","modified_gmt":"2024-09-07T20:24:58","slug":"construccion","status":"publish","type":"page","link":"https:\/\/bergaramargoak.desarrollovite.com\/?page_id=34","title":{"rendered":"CONSTRUCCI\u00d3N"},"content":{"rendered":"\t\t<div data-elementor-type=\"wp-page\" data-elementor-id=\"34\" class=\"elementor elementor-34\" data-elementor-post-type=\"page\">\n\t\t\t\t<div class=\"elementor-element elementor-element-d18a39a e-flex e-con-boxed e-con e-parent\" data-id=\"d18a39a\" data-element_type=\"container\" data-settings=\"{&quot;background_background&quot;:&quot;classic&quot;}\">\n\t\t\t\t\t<div class=\"e-con-inner\">\n\t\t\t\t<div class=\"elementor-element elementor-element-f4af9d2 elementor-widget elementor-widget-heading\" data-id=\"f4af9d2\" data-element_type=\"widget\" data-widget_type=\"heading.default\">\n\t\t\t\t<div class=\"elementor-widget-container\">\n\t\t\t\t\t<h2 class=\"elementor-heading-title elementor-size-default\">Construcci\u00f3n de nuevas viviendas y edificios comerciales<\/h2>\t\t\t\t<\/div>\n\t\t\t\t<\/div>\n\t\t\t\t<div class=\"elementor-element elementor-element-230dfa0 e-transform elementor-widget elementor-widget-html\" data-id=\"230dfa0\" data-element_type=\"widget\" data-settings=\"{&quot;_transform_rotateZ_effect&quot;:{&quot;unit&quot;:&quot;px&quot;,&quot;size&quot;:180,&quot;sizes&quot;:[]},&quot;_transform_rotateZ_effect_tablet&quot;:{&quot;unit&quot;:&quot;deg&quot;,&quot;size&quot;:&quot;&quot;,&quot;sizes&quot;:[]},&quot;_transform_rotateZ_effect_mobile&quot;:{&quot;unit&quot;:&quot;deg&quot;,&quot;size&quot;:&quot;&quot;,&quot;sizes&quot;:[]}}\" data-widget_type=\"html.default\">\n\t\t\t\t<div class=\"elementor-widget-container\">\n\t\t\t\t\t<svg xmlns=\"http:\/\/www.w3.org\/2000\/svg\" width=\"60\" height=\"60\" viewBox=\"0 0 100 100\">\n  <!-- Flecha simple -->\n  <polygon points=\"50,20 40,40 60,40\" fill=\"white\">\n    <!-- Animaci\u00f3n de movimiento de arriba a abajo -->\n    <animateTransform \n      attributeName=\"transform\" \n      type=\"translate\" \n      values=\"0,0; 0,20; 0,0\" \n      dur=\"1s\" \n      repeatCount=\"indefinite\" \/>\n  <\/polygon>\n<\/svg>\t\t\t\t<\/div>\n\t\t\t\t<\/div>\n\t\t\t\t\t<\/div>\n\t\t\t\t<\/div>\n\t\t<div class=\"elementor-element elementor-element-c186514 e-flex e-con-boxed e-con e-parent\" data-id=\"c186514\" data-element_type=\"container\">\n\t\t\t\t\t<div class=\"e-con-inner\">\n\t\t<div class=\"elementor-element elementor-element-0abcbd1 e-con-full e-flex e-con e-child\" data-id=\"0abcbd1\" data-element_type=\"container\">\n\t\t\t\t<div class=\"elementor-element elementor-element-53671b3 elementor-widget__width-initial elementor-invisible elementor-widget elementor-widget-text-editor\" data-id=\"53671b3\" data-element_type=\"widget\" data-settings=\"{&quot;_animation&quot;:&quot;fadeInLeft&quot;}\" data-widget_type=\"text-editor.default\">\n\t\t\t\t<div class=\"elementor-widget-container\">\n\t\t\t\t\t\t\t\t\t<div><h1 class=\"text-center encabezado\"><i>Su colaborador de confianza<\/i><\/h1><\/div><div class=\"container-fluid\">\u00a0<\/div>\t\t\t\t\t\t\t\t<\/div>\n\t\t\t\t<\/div>\n\t\t\t\t<div class=\"elementor-element elementor-element-7d46d1d elementor-widget__width-initial elementor-invisible elementor-widget elementor-widget-text-editor\" data-id=\"7d46d1d\" data-element_type=\"widget\" data-settings=\"{&quot;_animation&quot;:&quot;fadeInLeft&quot;}\" data-widget_type=\"text-editor.default\">\n\t\t\t\t<div class=\"elementor-widget-container\">\n\t\t\t\t\t\t\t\t\t<p>En la coyuntura actual, la calidad de los acabados es el pilar fundamental en la construcci\u00f3n de nuevas viviendas y edificios comerciales.<br \/><br \/><strong>Bergara Margoak<\/strong>\u00a0es su mejor socio para poder conseguir los objetivos de calidad, precio y seguridad en obra.<br \/>El trabajo realizado durante nuestra larga trayectoria nos avala.<\/p>\t\t\t\t\t\t\t\t<\/div>\n\t\t\t\t<\/div>\n\t\t\t\t<\/div>\n\t\t\t\t\t<\/div>\n\t\t\t\t<\/div>\n\t\t<div class=\"elementor-element elementor-element-a558ce4 e-flex e-con-boxed e-con e-parent\" data-id=\"a558ce4\" data-element_type=\"container\">\n\t\t\t\t\t<div class=\"e-con-inner\">\n\t\t<div class=\"elementor-element elementor-element-7c48fa4 e-con-full e-flex elementor-invisible e-con e-child\" data-id=\"7c48fa4\" data-element_type=\"container\" data-settings=\"{&quot;animation&quot;:&quot;fadeIn&quot;}\">\n\t\t\t\t<div class=\"elementor-element elementor-element-52aca51 elementor-widget elementor-widget-image\" data-id=\"52aca51\" data-element_type=\"widget\" data-widget_type=\"image.default\">\n\t\t\t\t<div class=\"elementor-widget-container\">\n\t\t\t\t\t\t\t\t\t\t\t\t\t\t\t<img fetchpriority=\"high\" decoding=\"async\" width=\"800\" height=\"533\" src=\"https:\/\/bergaramargoak.desarrollovite.com\/wp-content\/uploads\/2024\/09\/image1.1-4.jpg\" class=\"attachment-large size-large wp-image-326\" alt=\"\" srcset=\"https:\/\/bergaramargoak.desarrollovite.com\/wp-content\/uploads\/2024\/09\/image1.1-4.jpg 900w, https:\/\/bergaramargoak.desarrollovite.com\/wp-content\/uploads\/2024\/09\/image1.1-4-300x200.jpg 300w, https:\/\/bergaramargoak.desarrollovite.com\/wp-content\/uploads\/2024\/09\/image1.1-4-768x512.jpg 768w\" sizes=\"(max-width: 800px) 100vw, 800px\" \/>\t\t\t\t\t\t\t\t\t\t\t\t\t\t\t<\/div>\n\t\t\t\t<\/div>\n\t\t<div class=\"elementor-element elementor-element-dd8ca1e e-con-full e-flex e-con e-child\" data-id=\"dd8ca1e\" data-element_type=\"container\">\n\t\t\t\t<div class=\"elementor-element elementor-element-c848d68 elementor-widget elementor-widget-heading\" data-id=\"c848d68\" data-element_type=\"widget\" data-widget_type=\"heading.default\">\n\t\t\t\t<div class=\"elementor-widget-container\">\n\t\t\t\t\t<h3 class=\"elementor-heading-title elementor-size-default\">FOTO 1<\/h3>\t\t\t\t<\/div>\n\t\t\t\t<\/div>\n\t\t\t\t<div class=\"elementor-element elementor-element-a6a8b56 elementor-widget elementor-widget-heading\" data-id=\"a6a8b56\" data-element_type=\"widget\" data-widget_type=\"heading.default\">\n\t\t\t\t<div class=\"elementor-widget-container\">\n\t\t\t\t\t<h3 class=\"elementor-heading-title elementor-size-default\">Guipuzkoa<\/h3>\t\t\t\t<\/div>\n\t\t\t\t<\/div>\n\t\t\t\t<\/div>\n\t\t\t\t<\/div>\n\t\t<div class=\"elementor-element elementor-element-d237737 e-con-full e-flex elementor-invisible e-con e-child\" data-id=\"d237737\" data-element_type=\"container\" data-settings=\"{&quot;animation&quot;:&quot;fadeIn&quot;,&quot;animation_delay&quot;:100}\">\n\t\t\t\t<div class=\"elementor-element elementor-element-7ae8a41 elementor-widget elementor-widget-image\" data-id=\"7ae8a41\" data-element_type=\"widget\" data-widget_type=\"image.default\">\n\t\t\t\t<div class=\"elementor-widget-container\">\n\t\t\t\t\t\t\t\t\t\t\t\t\t\t\t<img decoding=\"async\" width=\"800\" height=\"533\" src=\"https:\/\/bergaramargoak.desarrollovite.com\/wp-content\/uploads\/2024\/09\/image3.1-4.jpg\" class=\"attachment-large size-large wp-image-327\" alt=\"\" srcset=\"https:\/\/bergaramargoak.desarrollovite.com\/wp-content\/uploads\/2024\/09\/image3.1-4.jpg 900w, https:\/\/bergaramargoak.desarrollovite.com\/wp-content\/uploads\/2024\/09\/image3.1-4-300x200.jpg 300w, https:\/\/bergaramargoak.desarrollovite.com\/wp-content\/uploads\/2024\/09\/image3.1-4-768x512.jpg 768w\" sizes=\"(max-width: 800px) 100vw, 800px\" \/>\t\t\t\t\t\t\t\t\t\t\t\t\t\t\t<\/div>\n\t\t\t\t<\/div>\n\t\t<div class=\"elementor-element elementor-element-3c016d2 e-con-full e-flex e-con e-child\" data-id=\"3c016d2\" data-element_type=\"container\">\n\t\t\t\t<div class=\"elementor-element elementor-element-4555220 elementor-widget elementor-widget-heading\" data-id=\"4555220\" data-element_type=\"widget\" data-widget_type=\"heading.default\">\n\t\t\t\t<div class=\"elementor-widget-container\">\n\t\t\t\t\t<h3 class=\"elementor-heading-title elementor-size-default\">FOTO 2<\/h3>\t\t\t\t<\/div>\n\t\t\t\t<\/div>\n\t\t\t\t<div class=\"elementor-element elementor-element-1cc2d4c elementor-widget elementor-widget-heading\" data-id=\"1cc2d4c\" data-element_type=\"widget\" data-widget_type=\"heading.default\">\n\t\t\t\t<div class=\"elementor-widget-container\">\n\t\t\t\t\t<h3 class=\"elementor-heading-title elementor-size-default\">Guipuzkoa<\/h3>\t\t\t\t<\/div>\n\t\t\t\t<\/div>\n\t\t\t\t<\/div>\n\t\t\t\t<\/div>\n\t\t<div class=\"elementor-element elementor-element-8fe1efa e-con-full e-flex elementor-invisible e-con e-child\" data-id=\"8fe1efa\" data-element_type=\"container\" data-settings=\"{&quot;animation&quot;:&quot;fadeIn&quot;,&quot;animation_delay&quot;:300}\">\n\t\t\t\t<div class=\"elementor-element elementor-element-ca5b68b elementor-widget elementor-widget-image\" data-id=\"ca5b68b\" data-element_type=\"widget\" data-widget_type=\"image.default\">\n\t\t\t\t<div class=\"elementor-widget-container\">\n\t\t\t\t\t\t\t\t\t\t\t\t\t\t\t<img decoding=\"async\" width=\"800\" height=\"533\" src=\"https:\/\/bergaramargoak.desarrollovite.com\/wp-content\/uploads\/2024\/09\/image5.1-4.jpg\" class=\"attachment-large size-large wp-image-328\" alt=\"\" srcset=\"https:\/\/bergaramargoak.desarrollovite.com\/wp-content\/uploads\/2024\/09\/image5.1-4.jpg 900w, https:\/\/bergaramargoak.desarrollovite.com\/wp-content\/uploads\/2024\/09\/image5.1-4-300x200.jpg 300w, https:\/\/bergaramargoak.desarrollovite.com\/wp-content\/uploads\/2024\/09\/image5.1-4-768x512.jpg 768w\" sizes=\"(max-width: 800px) 100vw, 800px\" \/>\t\t\t\t\t\t\t\t\t\t\t\t\t\t\t<\/div>\n\t\t\t\t<\/div>\n\t\t<div class=\"elementor-element elementor-element-e8fc9b5 e-con-full e-flex e-con e-child\" data-id=\"e8fc9b5\" data-element_type=\"container\">\n\t\t\t\t<div class=\"elementor-element elementor-element-8781f54 elementor-widget elementor-widget-heading\" data-id=\"8781f54\" data-element_type=\"widget\" data-widget_type=\"heading.default\">\n\t\t\t\t<div class=\"elementor-widget-container\">\n\t\t\t\t\t<h3 class=\"elementor-heading-title elementor-size-default\">FOTO 3<\/h3>\t\t\t\t<\/div>\n\t\t\t\t<\/div>\n\t\t\t\t<div class=\"elementor-element elementor-element-bdd7eda elementor-widget elementor-widget-heading\" data-id=\"bdd7eda\" data-element_type=\"widget\" data-widget_type=\"heading.default\">\n\t\t\t\t<div class=\"elementor-widget-container\">\n\t\t\t\t\t<h3 class=\"elementor-heading-title elementor-size-default\">Guipuzkoa<\/h3>\t\t\t\t<\/div>\n\t\t\t\t<\/div>\n\t\t\t\t<\/div>\n\t\t\t\t<\/div>\n\t\t<div class=\"elementor-element elementor-element-88eea16 e-con-full e-flex elementor-invisible e-con e-child\" data-id=\"88eea16\" data-element_type=\"container\" data-settings=\"{&quot;animation&quot;:&quot;fadeIn&quot;,&quot;animation_delay&quot;:400}\">\n\t\t\t\t<div class=\"elementor-element elementor-element-98c18d5 elementor-widget elementor-widget-image\" data-id=\"98c18d5\" data-element_type=\"widget\" data-widget_type=\"image.default\">\n\t\t\t\t<div class=\"elementor-widget-container\">\n\t\t\t\t\t\t\t\t\t\t\t\t\t\t\t<img loading=\"lazy\" decoding=\"async\" width=\"800\" height=\"533\" src=\"https:\/\/bergaramargoak.desarrollovite.com\/wp-content\/uploads\/2024\/09\/image9.1-3.jpg\" class=\"attachment-large size-large wp-image-329\" alt=\"\" srcset=\"https:\/\/bergaramargoak.desarrollovite.com\/wp-content\/uploads\/2024\/09\/image9.1-3.jpg 900w, https:\/\/bergaramargoak.desarrollovite.com\/wp-content\/uploads\/2024\/09\/image9.1-3-300x200.jpg 300w, https:\/\/bergaramargoak.desarrollovite.com\/wp-content\/uploads\/2024\/09\/image9.1-3-768x512.jpg 768w\" sizes=\"(max-width: 800px) 100vw, 800px\" \/>\t\t\t\t\t\t\t\t\t\t\t\t\t\t\t<\/div>\n\t\t\t\t<\/div>\n\t\t<div class=\"elementor-element elementor-element-f3ff29c e-con-full e-flex e-con e-child\" data-id=\"f3ff29c\" data-element_type=\"container\">\n\t\t\t\t<div class=\"elementor-element elementor-element-e28b2d1 elementor-widget elementor-widget-heading\" data-id=\"e28b2d1\" data-element_type=\"widget\" data-widget_type=\"heading.default\">\n\t\t\t\t<div class=\"elementor-widget-container\">\n\t\t\t\t\t<h3 class=\"elementor-heading-title elementor-size-default\">FOTO 4<\/h3>\t\t\t\t<\/div>\n\t\t\t\t<\/div>\n\t\t\t\t<div class=\"elementor-element elementor-element-d4828d8 elementor-widget elementor-widget-heading\" data-id=\"d4828d8\" data-element_type=\"widget\" data-widget_type=\"heading.default\">\n\t\t\t\t<div class=\"elementor-widget-container\">\n\t\t\t\t\t<h3 class=\"elementor-heading-title elementor-size-default\">Guipuzkoa<\/h3>\t\t\t\t<\/div>\n\t\t\t\t<\/div>\n\t\t\t\t<\/div>\n\t\t\t\t<\/div>\n\t\t\t\t\t<\/div>\n\t\t\t\t<\/div>\n\t\t<div class=\"elementor-element elementor-element-a9eb5c4 e-flex e-con-boxed e-con e-parent\" data-id=\"a9eb5c4\" data-element_type=\"container\">\n\t\t\t\t\t<div class=\"e-con-inner\">\n\t\t<div class=\"elementor-element elementor-element-5904929 e-con-full e-flex e-con e-child\" data-id=\"5904929\" data-element_type=\"container\">\n\t\t\t\t<div class=\"elementor-element elementor-element-e001702 elementor-widget__width-initial elementor-invisible elementor-widget elementor-widget-text-editor\" data-id=\"e001702\" data-element_type=\"widget\" data-settings=\"{&quot;_animation&quot;:&quot;fadeInLeft&quot;}\" data-widget_type=\"text-editor.default\">\n\t\t\t\t<div class=\"elementor-widget-container\">\n\t\t\t\t\t\t\t\t\t<p>En <strong>Bergara Margoak<\/strong>, estamos aqu\u00ed para ayudarte con tus proyectos de decoraci\u00f3n, industria, lacados, fachadas, construcci\u00f3n y rehabilitaci\u00f3n. Nuestro equipo de profesionales est\u00e1 listo para ofrecerte asesoramiento personalizado y garantizar resultados de calidad.<\/p>\t\t\t\t\t\t\t\t<\/div>\n\t\t\t\t<\/div>\n\t\t\t\t<\/div>\n\t\t<div class=\"elementor-element elementor-element-826c947 e-con-full e-flex e-con e-child\" data-id=\"826c947\" data-element_type=\"container\">\n\t\t\t\t<div class=\"elementor-element elementor-element-dfe17b7 elementor-align-left elementor-icon-list--layout-traditional elementor-list-item-link-full_width elementor-widget elementor-widget-icon-list\" data-id=\"dfe17b7\" data-element_type=\"widget\" data-widget_type=\"icon-list.default\">\n\t\t\t\t<div class=\"elementor-widget-container\">\n\t\t\t\t\t\t\t<ul class=\"elementor-icon-list-items\">\n\t\t\t\t\t\t\t<li class=\"elementor-icon-list-item\">\n\t\t\t\t\t\t\t\t\t\t\t<a href=\"tel:+34943769731%20\">\n\n\t\t\t\t\t\t\t\t\t\t\t<span class=\"elementor-icon-list-text\">Tel: 943 769 731 <\/span>\n\t\t\t\t\t\t\t\t\t\t\t<\/a>\n\t\t\t\t\t\t\t\t\t<\/li>\n\t\t\t\t\t\t\t\t<li class=\"elementor-icon-list-item\">\n\t\t\t\t\t\t\t\t\t\t<span class=\"elementor-icon-list-text\">Fax : 943 769 732 <\/span>\n\t\t\t\t\t\t\t\t\t<\/li>\n\t\t\t\t\t\t\t\t<li class=\"elementor-icon-list-item\">\n\t\t\t\t\t\t\t\t\t\t\t<a href=\"mailto:%20%20bergara@bergaramargoak.com\">\n\n\t\t\t\t\t\t\t\t\t\t\t<span class=\"elementor-icon-list-text\"> email: bergara@bergaramargoak.com<\/span>\n\t\t\t\t\t\t\t\t\t\t\t<\/a>\n\t\t\t\t\t\t\t\t\t<\/li>\n\t\t\t\t\t\t<\/ul>\n\t\t\t\t\t\t<\/div>\n\t\t\t\t<\/div>\n\t\t\t\t<div class=\"elementor-element elementor-element-acb4d5e elementor-widget elementor-widget-text-editor\" data-id=\"acb4d5e\" data-element_type=\"widget\" data-widget_type=\"text-editor.default\">\n\t\t\t\t<div class=\"elementor-widget-container\">\n\t\t\t\t\t\t\t\t\t<p>BERGARA MARGOAK S.L.<br \/>Amillaga 1 Planta Alta pab.1<br \/>20570 Bergara (Guipuzkoa)<\/p>\t\t\t\t\t\t\t\t<\/div>\n\t\t\t\t<\/div>\n\t\t\t\t<div class=\"elementor-element elementor-element-a2eeb1a elementor-widget elementor-widget-text-editor\" data-id=\"a2eeb1a\" data-element_type=\"widget\" data-widget_type=\"text-editor.default\">\n\t\t\t\t<div class=\"elementor-widget-container\">\n\t\t\t\t\t\t\t\t\t<p>HORARIO LABORAL<br \/>Lunes a Viernes<\/p><p>Ma\u00f1ana &#8211; 9:00 a 13:00<br \/>Tarde- 15:00 a 19:00<\/p>\t\t\t\t\t\t\t\t<\/div>\n\t\t\t\t<\/div>\n\t\t\t\t<div class=\"elementor-element elementor-element-754a56f e-grid-align-left e-grid-align-tablet-left elementor-shape-rounded elementor-grid-0 elementor-widget elementor-widget-social-icons\" data-id=\"754a56f\" data-element_type=\"widget\" data-widget_type=\"social-icons.default\">\n\t\t\t\t<div class=\"elementor-widget-container\">\n\t\t\t\t\t\t\t<div class=\"elementor-social-icons-wrapper elementor-grid\" role=\"list\">\n\t\t\t\t\t\t\t<span class=\"elementor-grid-item\" role=\"listitem\">\n\t\t\t\t\t<a class=\"elementor-icon elementor-social-icon elementor-social-icon-linkedin elementor-repeater-item-f646066\" href=\"https:\/\/www.linkedin.com\/in\/bergara-margoak-066864146\/\" target=\"_blank\">\n\t\t\t\t\t\t<span class=\"elementor-screen-only\">Linkedin<\/span>\n\t\t\t\t\t\t<svg aria-hidden=\"true\" class=\"e-font-icon-svg e-fab-linkedin\" viewBox=\"0 0 448 512\" xmlns=\"http:\/\/www.w3.org\/2000\/svg\"><path d=\"M416 32H31.9C14.3 32 0 46.5 0 64.3v383.4C0 465.5 14.3 480 31.9 480H416c17.6 0 32-14.5 32-32.3V64.3c0-17.8-14.4-32.3-32-32.3zM135.4 416H69V202.2h66.5V416zm-33.2-243c-21.3 0-38.5-17.3-38.5-38.5S80.9 96 102.2 96c21.2 0 38.5 17.3 38.5 38.5 0 21.3-17.2 38.5-38.5 38.5zm282.1 243h-66.4V312c0-24.8-.5-56.7-34.5-56.7-34.6 0-39.9 27-39.9 54.9V416h-66.4V202.2h63.7v29.2h.9c8.9-16.8 30.6-34.5 62.9-34.5 67.2 0 79.7 44.3 79.7 101.9V416z\"><\/path><\/svg>\t\t\t\t\t<\/a>\n\t\t\t\t<\/span>\n\t\t\t\t\t\t\t<span class=\"elementor-grid-item\" role=\"listitem\">\n\t\t\t\t\t<a class=\"elementor-icon elementor-social-icon elementor-social-icon-envelope elementor-repeater-item-f0df03b\" href=\"mailto:%20bergara@bergaramargoak.com\" target=\"_blank\">\n\t\t\t\t\t\t<span class=\"elementor-screen-only\">Envelope<\/span>\n\t\t\t\t\t\t<svg aria-hidden=\"true\" class=\"e-font-icon-svg e-fas-envelope\" viewBox=\"0 0 512 512\" xmlns=\"http:\/\/www.w3.org\/2000\/svg\"><path d=\"M502.3 190.8c3.9-3.1 9.7-.2 9.7 4.7V400c0 26.5-21.5 48-48 48H48c-26.5 0-48-21.5-48-48V195.6c0-5 5.7-7.8 9.7-4.7 22.4 17.4 52.1 39.5 154.1 113.6 21.1 15.4 56.7 47.8 92.2 47.6 35.7.3 72-32.8 92.3-47.6 102-74.1 131.6-96.3 154-113.7zM256 320c23.2.4 56.6-29.2 73.4-41.4 132.7-96.3 142.8-104.7 173.4-128.7 5.8-4.5 9.2-11.5 9.2-18.9v-19c0-26.5-21.5-48-48-48H48C21.5 64 0 85.5 0 112v19c0 7.4 3.4 14.3 9.2 18.9 30.6 23.9 40.7 32.4 173.4 128.7 16.8 12.2 50.2 41.8 73.4 41.4z\"><\/path><\/svg>\t\t\t\t\t<\/a>\n\t\t\t\t<\/span>\n\t\t\t\t\t<\/div>\n\t\t\t\t\t\t<\/div>\n\t\t\t\t<\/div>\n\t\t\t\t<\/div>\n\t\t<div class=\"elementor-element elementor-element-3912f3d e-con-full e-flex e-con e-child\" data-id=\"3912f3d\" data-element_type=\"container\">\n\t\t\t\t<div class=\"elementor-element elementor-element-a6df15d elementor-invisible elementor-widget elementor-widget-image\" data-id=\"a6df15d\" data-element_type=\"widget\" data-settings=\"{&quot;_animation&quot;:&quot;fadeInRight&quot;}\" data-widget_type=\"image.default\">\n\t\t\t\t<div class=\"elementor-widget-container\">\n\t\t\t\t\t\t\t\t\t\t\t\t\t\t\t<img loading=\"lazy\" decoding=\"async\" width=\"800\" height=\"569\" src=\"https:\/\/bergaramargoak.desarrollovite.com\/wp-content\/uploads\/2024\/09\/decoracion.jpg\" class=\"attachment-large size-large wp-image-121\" alt=\"\" srcset=\"https:\/\/bergaramargoak.desarrollovite.com\/wp-content\/uploads\/2024\/09\/decoracion.jpg 854w, https:\/\/bergaramargoak.desarrollovite.com\/wp-content\/uploads\/2024\/09\/decoracion-300x213.jpg 300w, https:\/\/bergaramargoak.desarrollovite.com\/wp-content\/uploads\/2024\/09\/decoracion-768x546.jpg 768w\" sizes=\"(max-width: 800px) 100vw, 800px\" \/>\t\t\t\t\t\t\t\t\t\t\t\t\t\t\t<\/div>\n\t\t\t\t<\/div>\n\t\t\t\t<\/div>\n\t\t\t\t\t<\/div>\n\t\t\t\t<\/div>\n\t\t\t\t<\/div>\n\t\t","protected":false},"excerpt":{"rendered":"<p>Construcci\u00f3n de nuevas viviendas y edificios comerciales Su colaborador de confianza \u00a0 En la coyuntura actual, la calidad de los acabados es el pilar fundamental en la construcci\u00f3n de nuevas viviendas y edificios comerciales. Bergara Margoak\u00a0es su mejor socio para poder conseguir los objetivos de calidad, precio y seguridad en obra.El trabajo realizado durante nuestra [&hellip;]<\/p>\n","protected":false},"author":2,"featured_media":0,"parent":0,"menu_order":0,"comment_status":"closed","ping_status":"closed","template":"","meta":{"footnotes":""},"class_list":["post-34","page","type-page","status-publish","hentry"],"_links":{"self":[{"href":"https:\/\/bergaramargoak.desarrollovite.com\/index.php?rest_route=\/wp\/v2\/pages\/34","targetHints":{"allow":["GET"]}}],"collection":[{"href":"https:\/\/bergaramargoak.desarrollovite.com\/index.php?rest_route=\/wp\/v2\/pages"}],"about":[{"href":"https:\/\/bergaramargoak.desarrollovite.com\/index.php?rest_route=\/wp\/v2\/types\/page"}],"author":[{"embeddable":true,"href":"https:\/\/bergaramargoak.desarrollovite.com\/index.php?rest_route=\/wp\/v2\/users\/2"}],"replies":[{"embeddable":true,"href":"https:\/\/bergaramargoak.desarrollovite.com\/index.php?rest_route=%2Fwp%2Fv2%2Fcomments&post=34"}],"version-history":[{"count":7,"href":"https:\/\/bergaramargoak.desarrollovite.com\/index.php?rest_route=\/wp\/v2\/pages\/34\/revisions"}],"predecessor-version":[{"id":372,"href":"https:\/\/bergaramargoak.desarrollovite.com\/index.php?rest_route=\/wp\/v2\/pages\/34\/revisions\/372"}],"wp:attachment":[{"href":"https:\/\/bergaramargoak.desarrollovite.com\/index.php?rest_route=%2Fwp%2Fv2%2Fmedia&parent=34"}],"curies":[{"name":"wp","href":"https:\/\/api.w.org\/{rel}","templated":true}]}}